{"id":560,"date":"2024-02-10T19:12:02","date_gmt":"2024-02-10T16:12:02","guid":{"rendered":"https:\/\/tektasmoduler.com\/references\/"},"modified":"2024-02-10T23:15:39","modified_gmt":"2024-02-10T20:15:39","slug":"references","status":"publish","type":"page","link":"https:\/\/tektasmoduler.com\/en\/references\/","title":{"rendered":"References"},"content":{"rendered":"\t\t<div data-elementor-type=\"wp-page\" data-elementor-id=\"560\" class=\"elementor elementor-560 elementor-234\" data-elementor-post-type=\"page\">\n\t\t\t\t<div class=\"elementor-element elementor-element-1439038 e-flex e-con-boxed e-con e-parent\" data-id=\"1439038\" data-element_type=\"container\" data-e-type=\"container\" data-settings=\"{&quot;background_background&quot;:&quot;classic&quot;}\">\n\t\t\t\t\t<div class=\"e-con-inner\">\n\t\t<div class=\"elementor-element elementor-element-db8bdf2 e-con-full e-flex e-con e-child\" data-id=\"db8bdf2\" data-element_type=\"container\" data-e-type=\"container\">\n\t\t\t\t<div class=\"elementor-element elementor-element-58c01c6 elementor-widget elementor-widget-image\" data-id=\"58c01c6\" data-element_type=\"widget\" data-e-type=\"widget\" data-widget_type=\"image.default\">\n\t\t\t\t<div class=\"elementor-widget-container\">\n\t\t\t\t\t\t\t\t\t\t\t\t\t\t\t<img decoding=\"async\" width=\"200\" height=\"200\" src=\"https:\/\/tektasmoduler.com\/wp-content\/uploads\/2024\/02\/Koc-holding.jpg\" class=\"attachment-full size-full wp-image-236\" alt=\"Ko\u00e7 Holding Logo\" srcset=\"https:\/\/tektasmoduler.com\/wp-content\/uploads\/2024\/02\/Koc-holding.jpg 200w, https:\/\/tektasmoduler.com\/wp-content\/uploads\/2024\/02\/Koc-holding-150x150.jpg 150w\" sizes=\"(max-width: 200px) 100vw, 200px\" \/>\t\t\t\t\t\t\t\t\t\t\t\t\t\t\t<\/div>\n\t\t\t\t<\/div>\n\t\t\t\t<\/div>\n\t\t<div class=\"elementor-element elementor-element-0208959 e-con-full e-flex e-con e-child\" data-id=\"0208959\" data-element_type=\"container\" data-e-type=\"container\">\n\t\t\t\t<div class=\"elementor-element elementor-element-a8bbb3e elementor-widget elementor-widget-image\" data-id=\"a8bbb3e\" data-element_type=\"widget\" data-e-type=\"widget\" data-widget_type=\"image.default\">\n\t\t\t\t<div class=\"elementor-widget-container\">\n\t\t\t\t\t\t\t\t\t\t\t\t\t\t\t<img decoding=\"async\" width=\"200\" height=\"200\" src=\"https:\/\/tektasmoduler.com\/wp-content\/uploads\/2024\/02\/Canakkale-18-Mart-unuversitesi.jpg\" class=\"attachment-full size-full wp-image-237\" alt=\"\u00c7anakkale On Sekiz Mart \u00dcniversitesi Logo\" srcset=\"https:\/\/tektasmoduler.com\/wp-content\/uploads\/2024\/02\/Canakkale-18-Mart-unuversitesi.jpg 200w, https:\/\/tektasmoduler.com\/wp-content\/uploads\/2024\/02\/Canakkale-18-Mart-unuversitesi-150x150.jpg 150w\" sizes=\"(max-width: 200px) 100vw, 200px\" \/>\t\t\t\t\t\t\t\t\t\t\t\t\t\t\t<\/div>\n\t\t\t\t<\/div>\n\t\t\t\t<\/div>\n\t\t<div class=\"elementor-element elementor-element-e6defa7 e-con-full e-flex e-con e-child\" data-id=\"e6defa7\" data-element_type=\"container\" data-e-type=\"container\">\n\t\t\t\t<div class=\"elementor-element elementor-element-b1227d7 elementor-widget elementor-widget-image\" data-id=\"b1227d7\" data-element_type=\"widget\" data-e-type=\"widget\" data-widget_type=\"image.default\">\n\t\t\t\t<div class=\"elementor-widget-container\">\n\t\t\t\t\t\t\t\t\t\t\t\t\t\t\t<img decoding=\"async\" width=\"200\" height=\"200\" src=\"https:\/\/tektasmoduler.com\/wp-content\/uploads\/2024\/02\/Ibni-haldun-unuversitesi.jpg\" class=\"attachment-full size-full wp-image-238\" alt=\"\u0130bn Haldun \u00dcniversitesi Logo\" srcset=\"https:\/\/tektasmoduler.com\/wp-content\/uploads\/2024\/02\/Ibni-haldun-unuversitesi.jpg 200w, https:\/\/tektasmoduler.com\/wp-content\/uploads\/2024\/02\/Ibni-haldun-unuversitesi-150x150.jpg 150w\" sizes=\"(max-width: 200px) 100vw, 200px\" \/>\t\t\t\t\t\t\t\t\t\t\t\t\t\t\t<\/div>\n\t\t\t\t<\/div>\n\t\t\t\t<\/div>\n\t\t<div class=\"elementor-element elementor-element-1e4b9df e-con-full e-flex e-con e-child\" data-id=\"1e4b9df\" data-element_type=\"container\" data-e-type=\"container\">\n\t\t\t\t<div class=\"elementor-element elementor-element-e273b5d elementor-widget elementor-widget-image\" data-id=\"e273b5d\" data-element_type=\"widget\" data-e-type=\"widget\" data-widget_type=\"image.default\">\n\t\t\t\t<div class=\"elementor-widget-container\">\n\t\t\t\t\t\t\t\t\t\t\t\t\t\t\t<img loading=\"lazy\" decoding=\"async\" width=\"200\" height=\"200\" src=\"https:\/\/tektasmoduler.com\/wp-content\/uploads\/2024\/02\/Kirikkale-unuversitesi.jpg\" class=\"attachment-full size-full wp-image-239\" alt=\"K\u0131r\u0131kkale \u00dcniversitesi Logo\" srcset=\"https:\/\/tektasmoduler.com\/wp-content\/uploads\/2024\/02\/Kirikkale-unuversitesi.jpg 200w, https:\/\/tektasmoduler.com\/wp-content\/uploads\/2024\/02\/Kirikkale-unuversitesi-150x150.jpg 150w\" sizes=\"(max-width: 200px) 100vw, 200px\" \/>\t\t\t\t\t\t\t\t\t\t\t\t\t\t\t<\/div>\n\t\t\t\t<\/div>\n\t\t\t\t<\/div>\n\t\t<div class=\"elementor-element elementor-element-34bc859 e-con-full e-flex e-con e-child\" data-id=\"34bc859\" data-element_type=\"container\" data-e-type=\"container\">\n\t\t\t\t<div class=\"elementor-element elementor-element-72ac62d elementor-widget elementor-widget-image\" data-id=\"72ac62d\" data-element_type=\"widget\" data-e-type=\"widget\" data-widget_type=\"image.default\">\n\t\t\t\t<div class=\"elementor-widget-container\">\n\t\t\t\t\t\t\t\t\t\t\t\t\t\t\t<img loading=\"lazy\" decoding=\"async\" width=\"200\" height=\"200\" src=\"https:\/\/tektasmoduler.com\/wp-content\/uploads\/2024\/02\/Namikkemat-unuversitesi.jpg\" class=\"attachment-full size-full wp-image-240\" alt=\"Nam\u0131k Kemal \u00dcniversitesi Logo\" srcset=\"https:\/\/tektasmoduler.com\/wp-content\/uploads\/2024\/02\/Namikkemat-unuversitesi.jpg 200w, https:\/\/tektasmoduler.com\/wp-content\/uploads\/2024\/02\/Namikkemat-unuversitesi-150x150.jpg 150w\" sizes=\"(max-width: 200px) 100vw, 200px\" \/>\t\t\t\t\t\t\t\t\t\t\t\t\t\t\t<\/div>\n\t\t\t\t<\/div>\n\t\t\t\t<\/div>\n\t\t<div class=\"elementor-element elementor-element-88e0454 e-con-full e-flex e-con e-child\" data-id=\"88e0454\" data-element_type=\"container\" data-e-type=\"container\">\n\t\t\t\t<div class=\"elementor-element elementor-element-2394629 elementor-widget elementor-widget-image\" data-id=\"2394629\" data-element_type=\"widget\" data-e-type=\"widget\" data-widget_type=\"image.default\">\n\t\t\t\t<div class=\"elementor-widget-container\">\n\t\t\t\t\t\t\t\t\t\t\t\t\t\t\t<img loading=\"lazy\" decoding=\"async\" width=\"200\" height=\"200\" src=\"https:\/\/tektasmoduler.com\/wp-content\/uploads\/2024\/02\/Upil-kort-atasehir.jpg\" class=\"attachment-full size-full wp-image-241\" alt=\"Uphill Court Ata\u015fehir Logo\" srcset=\"https:\/\/tektasmoduler.com\/wp-content\/uploads\/2024\/02\/Upil-kort-atasehir.jpg 200w, https:\/\/tektasmoduler.com\/wp-content\/uploads\/2024\/02\/Upil-kort-atasehir-150x150.jpg 150w\" sizes=\"(max-width: 200px) 100vw, 200px\" \/>\t\t\t\t\t\t\t\t\t\t\t\t\t\t\t<\/div>\n\t\t\t\t<\/div>\n\t\t\t\t<\/div>\n\t\t\t\t\t<\/div>\n\t\t\t\t<\/div>\n\t\t\t\t<\/div>\n\t\t","protected":false},"excerpt":{"rendered":"","protected":false},"author":1,"featured_media":0,"parent":0,"menu_order":0,"comment_status":"closed","ping_status":"closed","template":"","meta":{"footnotes":""},"class_list":["post-560","page","type-page","status-publish","hentry"],"aioseo_notices":[],"_links":{"self":[{"href":"https:\/\/tektasmoduler.com\/en\/wp-json\/wp\/v2\/pages\/560","targetHints":{"allow":["GET"]}}],"collection":[{"href":"https:\/\/tektasmoduler.com\/en\/wp-json\/wp\/v2\/pages"}],"about":[{"href":"https:\/\/tektasmoduler.com\/en\/wp-json\/wp\/v2\/types\/page"}],"author":[{"embeddable":true,"href":"https:\/\/tektasmoduler.com\/en\/wp-json\/wp\/v2\/users\/1"}],"replies":[{"embeddable":true,"href":"https:\/\/tektasmoduler.com\/en\/wp-json\/wp\/v2\/comments?post=560"}],"version-history":[{"count":0,"href":"https:\/\/tektasmoduler.com\/en\/wp-json\/wp\/v2\/pages\/560\/revisions"}],"wp:attachment":[{"href":"https:\/\/tektasmoduler.com\/en\/wp-json\/wp\/v2\/media?parent=560"}],"curies":[{"name":"wp","href":"https:\/\/api.w.org\/{rel}","templated":true}]}}